{"id":5806,"date":"2020-04-27T10:52:06","date_gmt":"2020-04-27T08:52:06","guid":{"rendered":"https:\/\/scarybird.com\/?page_id=5806"},"modified":"2020-04-27T10:52:07","modified_gmt":"2020-04-27T08:52:07","slug":"pravni-informace-a-ochrana-soukromi","status":"publish","type":"page","link":"https:\/\/scarybird.com\/cs\/pravni-informace-a-ochrana-soukromi\/","title":{"rendered":"Pr\u00e1vn\u00ed informace a ochrana soukrom\u00ed"},"content":{"rendered":"<p><div class=\"fusion-fullwidth fullwidth-box fusion-builder-row-1 hundred-percent-fullwidth non-hundred-percent-height-scrolling\" style=\"--awb-border-radius-top-left:0px;--awb-border-radius-top-right:0px;--awb-border-radius-bottom-right:0px;--awb-border-radius-bottom-left:0px;--awb-padding-top:0px;--awb-padding-right:0px;--awb-padding-bottom:0px;--awb-padding-left:0px;--awb-background-color:#353131;--awb-flex-wrap:wrap;\" ><div class=\"fusion-builder-row fusion-row\"><div class=\"fusion-layout-column fusion_builder_column fusion-builder-column-0 fusion_builder_column_1_1 1_1 fusion-one-full fusion-column-first fusion-column-last\" style=\"--awb-bg-size:cover;--awb-margin-bottom:0px;\"><div class=\"fusion-column-wrapper fusion-flex-column-wrapper-legacy\"><div class=\"fusion-section-separator section-separator slant fusion-section-separator-1 absolute-slant-top\" style=\"--awb-spacer-height:99px;--awb-svg-margin-left:0;--awb-svg-margin-right:0;--awb-divider-height:99px;--awb-spacer-padding-top:inherit;--awb-sep-padding:0;--awb-svg-padding:0;\"><div class=\"fusion-section-separator-svg\"><svg class=\"fusion-slant-candy\" xmlns=\"http:\/\/www.w3.org\/2000\/svg\" version=\"1.1\" width=\"100%\" height=\"100\" viewBox=\"0 0 100 100\" preserveAspectRatio=\"none\" fill=\"rgba(255,255,255,1)\"><path d=\"M0 100 L0 0 L100 0 Z\"><\/path><\/svg><\/div><div class=\"fusion-section-separator-spacer\"><div class=\"fusion-section-separator-spacer-height\"><\/div><\/div><\/div><div class=\"fusion-sep-clear\"><\/div><div class=\"fusion-separator fusion-full-width-sep\" style=\"margin-left: auto;margin-right: auto;margin-top:35px;margin-bottom:35px;width:100%;\"><\/div><div class=\"fusion-sep-clear\"><\/div><div class=\"fusion-section-separator section-separator slant fusion-section-separator-2 absolute-slant-bottom\" style=\"--awb-spacer-height:99px;--awb-svg-margin-left:0;--awb-svg-margin-right:0;--awb-divider-height:99px;--awb-spacer-padding-top:inherit;--awb-sep-padding:0;--awb-svg-padding:0;--awb-svg-tag-margin-bottom:-3px;--awb-sep-svg-display:block;\"><div class=\"fusion-section-separator-svg\"><svg class=\"fusion-slant-candy\" xmlns=\"http:\/\/www.w3.org\/2000\/svg\" version=\"1.1\" width=\"100%\" height=\"100\" viewBox=\"0 0 100 100\" preserveAspectRatio=\"none\" fill=\"rgba(255,255,255,1)\"><path d=\"M100 0 L0 100 L101 100 Z\"><\/path><\/svg><\/div><div class=\"fusion-section-separator-spacer\"><div class=\"fusion-section-separator-spacer-height\"><\/div><\/div><\/div><div class=\"fusion-clearfix\"><\/div><\/div><\/div><\/div><\/div><div class=\"fusion-fullwidth fullwidth-box fusion-builder-row-2 nonhundred-percent-fullwidth non-hundred-percent-height-scrolling\" style=\"--awb-border-radius-top-left:0px;--awb-border-radius-top-right:0px;--awb-border-radius-bottom-right:0px;--awb-border-radius-bottom-left:0px;--awb-padding-top:50px;--awb-padding-bottom:50px;--awb-flex-wrap:wrap;\" ><div class=\"fusion-builder-row fusion-row\"><div class=\"fusion-layout-column fusion_builder_column fusion-builder-column-1 fusion_builder_column_1_1 1_1 fusion-one-full fusion-column-first fusion-column-last\" style=\"--awb-bg-size:cover;\"><div class=\"fusion-column-wrapper fusion-flex-column-wrapper-legacy\"><div class=\"fusion-title title fusion-title-1 fusion-sep-none fusion-title-text fusion-title-size-one\" style=\"--awb-margin-top-small:0px;--awb-margin-right-small:0px;--awb-margin-bottom-small:20px;--awb-margin-left-small:0px;\"><h1 class=\"fusion-title-heading title-heading-left\" style=\"margin:0;\">Pr\u00e1vn\u00ed informace a ochrana soukrom\u00ed<\/h1><\/div><div class=\"fusion-text fusion-text-1\"><p><strong>Ochrana soukrom\u00ed a pr\u00e1vn\u00ed informace<\/strong><\/p>\n<\/div><div class=\"fusion-text fusion-text-2\"><p>SCARYBIRD Sarl si cen\u00ed va\u0161eho z\u00e1jmu o na\u0161e produkty a d\u011bkuje v\u00e1m za n\u00e1v\u0161t\u011bvu na\u0161\u00ed webov\u00e9 str\u00e1nky https:\/\/www.scarybird.com.<\/p>\n<p>Toto Prohl\u00e1\u0161en\u00ed o ochran\u011b soukrom\u00ed a z\u00e1konn\u00fdch informac\u00edch se vztahuje na na\u0161e cel\u00e9 webov\u00e9 str\u00e1nky.<\/p>\n<\/div><div class=\"fusion-title title fusion-title-2 fusion-sep-none fusion-title-text fusion-title-size-two\" style=\"--awb-margin-top:50px;--awb-margin-top-small:0px;--awb-margin-right-small:0px;--awb-margin-bottom-small:20px;--awb-margin-left-small:0px;\"><h2 class=\"fusion-title-heading title-heading-left\" style=\"margin:0;\">1. Ochrann\u00e1 zn\u00e1mka<\/h2><\/div><div class=\"fusion-text fusion-text-3\"><p>Pokud nen\u00ed stanoveno jinak, ochrann\u00e9 zn\u00e1mky, loga a embl\u00e9my podniku, nap\u0159\u00edklad jako je symbol uveden\u00fd n\u00ed\u017ee, kter\u00e9 se objevuj\u00ed na t\u011bchto str\u00e1nk\u00e1ch, jsou chr\u00e1n\u011bn\u00e9 pr\u00e1vy ohledn\u011b ochrann\u00fdch zn\u00e1mek.<\/p>\n<\/div><div class=\"fusion-image-element in-legacy-container\" style=\"--awb-caption-title-font-family:var(--h2_typography-font-family);--awb-caption-title-font-weight:var(--h2_typography-font-weight);--awb-caption-title-font-style:var(--h2_typography-font-style);--awb-caption-title-size:var(--h2_typography-font-size);--awb-caption-title-transform:var(--h2_typography-text-transform);--awb-caption-title-line-height:var(--h2_typography-line-height);--awb-caption-title-letter-spacing:var(--h2_typography-letter-spacing);\"><span class=\" fusion-imageframe imageframe-none imageframe-1 hover-type-none\"><img decoding=\"async\" width=\"336\" height=\"70\" title=\"Scarybird\" src=\"https:\/\/scarybird.com\/wp-content\/uploads\/logo_scarybird.jpg\" data-orig-src=\"https:\/\/scarybird.com\/wp-content\/uploads\/logo_scarybird.jpg\" alt class=\"lazyload img-responsive wp-image-48\" srcset=\"data:image\/svg+xml,%3Csvg%20xmlns%3D%27http%3A%2F%2Fwww.w3.org%2F2000%2Fsvg%27%20width%3D%27336%27%20height%3D%2770%27%20viewBox%3D%270%200%20336%2070%27%3E%3Crect%20width%3D%27336%27%20height%3D%2770%27%20fill-opacity%3D%220%22%2F%3E%3C%2Fsvg%3E\" data-srcset=\"https:\/\/scarybird.com\/wp-content\/uploads\/logo_scarybird-200x42.jpg 200w, https:\/\/scarybird.com\/wp-content\/uploads\/logo_scarybird.jpg 336w\" data-sizes=\"auto\" data-orig-sizes=\"(max-width: 800px) 100vw, 336px\" \/><\/span><\/div><div class=\"fusion-title title fusion-title-3 fusion-sep-none fusion-title-text fusion-title-size-two\" style=\"--awb-margin-top:50px;--awb-margin-top-small:0px;--awb-margin-right-small:0px;--awb-margin-bottom-small:20px;--awb-margin-left-small:0px;\"><h2 class=\"fusion-title-heading title-heading-left\" style=\"margin:0;\">2. Koment\u00e1\u0159e, dotazy \u010di n\u00e1vrhy<\/h2><\/div><div class=\"fusion-text fusion-text-4\"><p>Vezm\u011bte pros\u00edm na v\u011bdom\u00ed, \u017ee jak\u00e9koli informace, nevy\u017e\u00e1dan\u00e9 n\u00e1vrhy, n\u00e1pady, \u010di jin\u00e9 zaslan\u00e9 informace budou pova\u017eov\u00e1ny za ned\u016fv\u011brn\u00e9 a nedaj\u00ed za vznik \u017e\u00e1dn\u00fdm pr\u00e1v\u016fm ve v\u00e1\u0161 prosp\u011bch. Zasl\u00e1n\u00edm t\u011bchto informac\u00edch d\u00e1v\u00e1te Sarl SCARYBIRD neomezenou, neodvolatelnou licenci k jejich pou\u017eit\u00ed, reprodukci a vystaven\u00ed, proveden\u00ed, zm\u011bn\u011b, vys\u00edl\u00e1n\u00ed a roz\u0161\u00ed\u0159en\u00ed. Tak\u00e9 berete na v\u011bdom\u00ed, \u017ee SCARYBIRD Sarl sm\u00ed pou\u017e\u00edt jak\u00e9koli n\u00e1pady, koncepty, techniky \u010di know-how obsa\u017een\u00e9 v jak\u00e9koli komunikaci, kterou n\u00e1m za jak\u00fdmkoli \u00fa\u010delem po\u0161lete.<\/p>\n<\/div><div class=\"fusion-title title fusion-title-4 fusion-sep-none fusion-title-text fusion-title-size-two\" style=\"--awb-margin-top:50px;--awb-margin-top-small:0px;--awb-margin-right-small:0px;--awb-margin-bottom-small:20px;--awb-margin-left-small:0px;\"><h2 class=\"fusion-title-heading title-heading-left\" style=\"margin:0;\">3. Spole\u010dnost SCARYBIRD<\/h2><\/div><div class=\"fusion-text fusion-text-5\"><p>SCARYBIRD je limitovan\u00e1 spole\u010dnost s kapit\u00e1lem ve v\u00fd\u0161i 10 000 EUR a jej\u00ed registrovan\u00e9 s\u00eddlo se nach\u00e1z\u00ed na adrese 43300 Le Pinet Saint Berain ve Francii. Sarl SCARYBIRD je registrov\u00e1na v le Puy en Velay (Francie) pod registra\u010dn\u00edm \u010d\u00edslem 799 093 364.<\/p>\n<p>Webov\u00e9 str\u00e1nky: www.scarybird.com<\/p>\n<p>Telefon: +33 (0) 4 58 00 20 69<\/p>\n<p>EU DPH: FR 85 799093364<\/p>\n<p>Registra\u010dn\u00ed \u010d\u00edslo: 799 093 364 00013<\/p>\n<p>Zakladatel a mana\u017eer SCARYBIRD Sarl: Sebastien LEBRE<br \/>\nAdresa: HARKO, 81 rue de France, 06000 Nice, France &#8211; +33 806 11 00 81 &#8211; www.harko.fr<\/p>\n<\/div><div class=\"fusion-title title fusion-title-5 fusion-sep-none fusion-title-text fusion-title-size-two\" style=\"--awb-margin-top:50px;--awb-margin-top-small:0px;--awb-margin-right-small:0px;--awb-margin-bottom-small:20px;--awb-margin-left-small:0px;\"><h2 class=\"fusion-title-heading title-heading-left\" style=\"margin:0;\">4. Du\u0161evn\u00ed vlastnictv\u00ed<\/h2><\/div><div class=\"fusion-text fusion-text-6\"><p>Obsah t\u011bchto webov\u00fdch str\u00e1nek je vlastnictv\u00edm SCARYBIRD Sarl a\/nebo poskytovatele jeho licence.<br \/>\nInformace na t\u011bchto webov\u00fdch str\u00e1nk\u00e1ch v\u010detn\u011b, ale ne v\u00fdhradn\u011b, textu, diagram\u016f, obr\u00e1zk\u016f a audio nahr\u00e1vek nesm\u00ed, krom\u011b p\u0159\u00edsn\u011b soukrom\u00fdch \u00fa\u010del\u016f, b\u00fdt reprodukov\u00e1ny, p\u0159en\u00e1\u0161eny, roz\u0161i\u0159ov\u00e1ny \u010di ulo\u017eeny bez p\u0159edchoz\u00edho p\u00edsemn\u00e9ho povolen\u00ed od SCARYBIRD Sarl. Modifikace obsahu t\u011bchto str\u00e1nek je p\u0159\u00edsn\u011b zak\u00e1z\u00e1na.<br \/>\n\u010c\u00e1sti t\u011bchto str\u00e1nek obsahuj\u00ed obr\u00e1zky, kter\u00e9 jsou chr\u00e1n\u011bny autorsk\u00fdmi pr\u00e1vy ve prosp\u011bch jejich poskytovatel\u016f.<\/p>\n<\/div><div class=\"fusion-title title fusion-title-6 fusion-sep-none fusion-title-text fusion-title-size-two\" style=\"--awb-margin-top:50px;--awb-margin-top-small:0px;--awb-margin-right-small:0px;--awb-margin-bottom-small:20px;--awb-margin-left-small:0px;\"><h2 class=\"fusion-title-heading title-heading-left\" style=\"margin:0;\">5. Informace a povinnosti<\/h2><\/div><div class=\"fusion-text fusion-text-7\"><p>Informace na t\u011bchto webov\u00fdch str\u00e1nk\u00e1ch jsou poskytov\u00e1ny v na\u0161em nejlep\u0161\u00edm v\u011bdom\u00ed v sou\u010dasnosti. SCARYBIRD nem\u016f\u017ee p\u0159evz\u00edt zodpov\u011bdnost pro t\u0159et\u00ed stranu za jak\u00e9koli p\u0159\u00edm\u00e9, nep\u0159\u00edm\u00e9, zvl\u00e1\u0161tn\u00ed \u010di n\u00e1sledn\u00e9 \u0161kody jak\u00e9hokoli druhu, kter\u00e9 vyplynou z pou\u017eit\u00ed t\u00e9to webov\u00e9 str\u00e1nky nebo jak\u00e9koli jin\u00e9 webov\u00e9 str\u00e1nky p\u0159\u00edstupn\u00e9 pomoc\u00ed odkazu z t\u00e9to str\u00e1nky, v\u010detn\u011b, ale ne v\u00fdhradn\u011b, finan\u010dn\u00edch ztr\u00e1t \u010di obchodn\u00edch ztr\u00e1t a ztr\u00e1t program\u016f \u010di dat ve va\u0161em informa\u010dn\u00edm mana\u017eersk\u00e9m syst\u00e9mu.<\/p>\n<p>Spole\u010dnost SCARYBIRD Sarl neposkytuje \u017e\u00e1dn\u00e9 z\u00e1ruky ani nijak nezastupuje \u017e\u00e1dnou z jin\u00fdch webov\u00fdch str\u00e1nek, ke kter\u00fdm z\u00edsk\u00e1te p\u0159\u00edstup skrze tyto str\u00e1nky. Tyto z\u00e1ruky a\/nebo prezentace jsou poskytovan\u00e9 pouze pro p\u0159\u00edpad va\u0161\u00ed pot\u0159eby a v \u017e\u00e1dn\u00e9m p\u0159\u00edpad\u011b neznamenaj\u00ed, \u017ee spole\u010dnost SCARYBIRD podporuje nebo p\u0159ij\u00edm\u00e1 jakoukoli zodpov\u011bdnost za obsah \u010di pou\u017eit\u00ed t\u011bchto dal\u0161\u00edch str\u00e1nek.<\/p>\n<p>Informace na t\u011bchto webov\u00fdch str\u00e1nk\u00e1ch mohou obsahovat technick\u00e9 \u010di tiska\u0159sk\u00e9 chyby.<br \/>\nInformace na t\u011bchto str\u00e1nk\u00e1ch je mo\u017en\u00e9 kdykoli zm\u011bnit bez p\u0159edchoz\u00edho upozorn\u011bn\u00ed nebo jak\u00fdchkoli z\u00e1vazk\u016f.<\/p>\n<p>Informace na t\u011bchto str\u00e1nk\u00e1ch mohou obsahovat zm\u00ednky \u010di odkazy na produkty \u010di slu\u017eby, kter\u00e9 nebyly ozn\u00e1meny \u010di kter\u00e9 nejsou dostupn\u00e9 ve va\u0161\u00ed zemi. P\u0159esnost nen\u00ed mo\u017en\u00e9 zaru\u010dit. Takov\u00e9 zm\u00ednky nenazna\u010duj\u00ed, \u017ee spole\u010dnost SCARYBIRD hodl\u00e1 ozn\u00e1mit tyto produkty \u010di slu\u017eby ve va\u0161\u00ed zemi. Pro dal\u0161\u00ed informace ohledn\u011b produkt\u016f, slu\u017eeb, atd., kter\u00e9 jsou dostupn\u00e9, nebo pokud chcete podat objedn\u00e1vku, kontaktujte pros\u00edm sv\u00e9ho m\u00edstn\u00edho distributora.<br \/>\nSCARYBIRD si vyhrazuje pr\u00e1vo zm\u011bnit technick\u00e9 specifikace sv\u00fdch produkt\u016f bez p\u0159edchoz\u00edho upozorn\u011bn\u00ed za \u00fa\u010delem zm\u011bny rozsahu produkt\u016f a p\u0159esnosti poskytovan\u00fdch informac\u00ed.<\/p>\n<\/div><div class=\"fusion-title title fusion-title-7 fusion-sep-none fusion-title-text fusion-title-size-two\" style=\"--awb-margin-top:50px;--awb-margin-top-small:0px;--awb-margin-right-small:0px;--awb-margin-bottom-small:20px;--awb-margin-left-small:0px;\"><h2 class=\"fusion-title-heading title-heading-left\" style=\"margin:0;\">6. Osobn\u00ed \u00fadaje<\/h2><\/div><div class=\"fusion-text fusion-text-8\"><p>Tyto webov\u00e9 str\u00e1nky mohou obsahovat odkazy na webov\u00e9 str\u00e1nky, kter\u00e9 nepat\u0159\u00ed SCARYBIRD Sarl. Spole\u010dnost SCARYBIRD nenese zodpov\u011bdnost za z\u00e1sady na ochranu soukrom\u00ed t\u011bchto str\u00e1nek.<\/p>\n<p>SCARYBIRD m\u016f\u017ee shroma\u017e\u010fovat osobn\u00ed \u00fadaje (nap\u0159\u00edklad registrace pro zas\u00edl\u00e1n\u00ed email\u016f). Pouze SCARYBIRD m\u00e1 p\u0159\u00edstup k t\u011bmto \u00fadaj\u016fm. Tyto \u00fadaje nebudou nijak p\u0159em\u00eds\u0165ov\u00e1ny, prod\u00e1ny, nebo vym\u011bn\u011bny se t\u0159et\u00edmi stranami. Se shrom\u00e1\u017ed\u011bn\u00fdmi informacemi bude nakl\u00e1d\u00e1no tak, abychom v\u00e1s mohli informovat o novink\u00e1ch ohledn\u011b na\u0161\u00ed spole\u010dnosti a na\u0161ich v\u00fdrobc\u00edch. P\u0159\u00edjemci dat jsou: SCARYBIRD.<\/p>\n<p>Podle Francouzsk\u00e9ho z\u00e1kona z 6. ledna 1978, novelizovan\u00e9ho v roce 2004, m\u00e1te pr\u00e1vo na p\u0159\u00edstup a opravu informac\u00ed, kter\u00e9 se t\u00fdkaj\u00ed va\u0161ich dat, a o toto m\u016f\u017eete po\u017e\u00e1dat zasl\u00e1n\u00edm va\u0161\u00ed \u017e\u00e1dosti na:<\/p>\n<p>E-mail: contact[@]scarybird.com<\/p>\n<p>adresa:<br \/>\nSCARYBIRD Sarl<br \/>\nLe Pinet 43300 Saint Berain France<\/p>\n<p>Tak\u00e9 m\u016f\u017eete z legitimn\u00edch d\u016fvod\u016f vzn\u00e9st protest proti zpracov\u00e1n\u00ed va\u0161ich \u00fadaj\u016f.<\/p>\n<p>Copyright 2013 SCARYBIRD<br \/>\nPosledn\u00ed aktualizace z\u00e1konn\u00fdch informac\u00ed: \u00danor 2015<\/p>\n<\/div><div class=\"fusion-clearfix\"><\/div><\/div><\/div><\/div><\/div><div class=\"fusion-fullwidth fullwidth-box fusion-builder-row-3 hundred-percent-fullwidth non-hundred-percent-height-scrolling\" style=\"--awb-border-radius-top-left:0px;--awb-border-radius-top-right:0px;--awb-border-radius-bottom-right:0px;--awb-border-radius-bottom-left:0px;--awb-padding-top:0px;--awb-padding-right:0px;--awb-padding-bottom:0px;--awb-padding-left:0px;--awb-flex-wrap:wrap;\" ><div class=\"fusion-builder-row fusion-row\"><div class=\"fusion-layout-column fusion_builder_column fusion-builder-column-2 fusion_builder_column_1_1 1_1 fusion-one-full fusion-column-first fusion-column-last\" style=\"--awb-bg-size:cover;--awb-margin-bottom:0px;\"><div class=\"fusion-column-wrapper fusion-flex-column-wrapper-legacy\"><div class=\"fusion-section-separator section-separator slant fusion-section-separator-3 absolute-slant-top\" style=\"--awb-spacer-height:99px;--awb-svg-margin-left:0;--awb-svg-margin-right:0;--awb-divider-height:99px;--awb-spacer-padding-top:inherit;--awb-sep-padding:0;--awb-svg-padding:0;\"><div class=\"fusion-section-separator-svg\"><svg class=\"fusion-slant-candy\" xmlns=\"http:\/\/www.w3.org\/2000\/svg\" version=\"1.1\" width=\"100%\" height=\"100\" viewBox=\"0 0 100 100\" preserveAspectRatio=\"none\" fill=\"rgba(255,255,255,1)\"><path d=\"M0 100 L0 0 L100 0 Z\"><\/path><\/svg><\/div><div class=\"fusion-section-separator-spacer\"><div class=\"fusion-section-separator-spacer-height\"><\/div><\/div><\/div>\t\t\t<rs-module-wrap id=\"rev_slider_error_1_wrapper\">\n\t\t\t\t<rs-module id=\"rev_slider_error_1\">\n\t\t\t\t\t<div class=\"rs_error_message_box\">\n\t\t\t\t\t\t<div class=\"rs_error_message_oops\">There is nothing to show here!<\/div>\n\t\t\t\t\t\t<div class=\"rs_error_message_content\">Slider with alias footer-cs not found.<\/div>\n\t\t\t\t\t<\/div>\n\t\t\t\t<\/rs-module>\n\t\t\t<\/rs-module-wrap>\n\t\t\t<script>\n\t\t\t\tvar rs_eslider = document.getElementById(\"rev_slider_error_1\");\n\t\t\t\trs_eslider.style.display = \"none\";\n\t\t\t\tconsole.log(\"Slider with alias footer-cs not found.\");\n\t\t\t<\/script>\n<\/div><div class=\"fusion-section-separator section-separator slant fusion-section-separator-4 absolute-slant-bottom\" style=\"--awb-spacer-height:99px;--awb-svg-margin-left:0;--awb-svg-margin-right:0;--awb-divider-height:99px;--awb-spacer-padding-top:inherit;--awb-sep-padding:0;--awb-svg-padding:0;--awb-svg-tag-margin-bottom:-3px;--awb-sep-svg-display:block;\"><div class=\"fusion-section-separator-svg\"><svg class=\"fusion-slant-candy\" xmlns=\"http:\/\/www.w3.org\/2000\/svg\" version=\"1.1\" width=\"100%\" height=\"100\" viewBox=\"0 0 100 100\" preserveAspectRatio=\"none\" fill=\"rgba(53,49,49,1)\"><path d=\"M100 0 L0 100 L101 100 Z\"><\/path><\/svg><\/div><div class=\"fusion-section-separator-spacer\"><div class=\"fusion-section-separator-spacer-height\"><\/div><\/div><\/div><div class=\"fusion-clearfix\"><\/div><\/div><\/div><\/div><\/div><\/p>\n","protected":false},"excerpt":{"rendered":"","protected":false},"author":1,"featured_media":0,"parent":0,"menu_order":0,"comment_status":"closed","ping_status":"closed","template":"100-width.php","meta":{"footnotes":""},"class_list":["post-5806","page","type-page","status-publish","hentry"],"yoast_head":"<!-- This site is optimized with the Yoast SEO plugin v27.4 - https:\/\/yoast.com\/product\/yoast-seo-wordpress\/ -->\n<title>Pr\u00e1vn\u00ed informace a ochrana soukrom\u00ed - Scarybird<\/title>\n<meta name=\"robots\" content=\"index, follow, max-snippet:-1, max-image-preview:large, max-video-preview:-1\" \/>\n<link rel=\"canonical\" href=\"https:\/\/scarybird.com\/cs\/pravni-informace-a-ochrana-soukromi\/\" \/>\n<meta property=\"og:locale\" content=\"cs_CZ\" \/>\n<meta property=\"og:type\" content=\"article\" \/>\n<meta property=\"og:title\" content=\"Pr\u00e1vn\u00ed informace a ochrana soukrom\u00ed - Scarybird\" \/>\n<meta property=\"og:url\" content=\"https:\/\/scarybird.com\/cs\/pravni-informace-a-ochrana-soukromi\/\" \/>\n<meta property=\"og:site_name\" content=\"Scarybird\" \/>\n<meta property=\"article:modified_time\" content=\"2020-04-27T08:52:07+00:00\" \/>\n<meta name=\"twitter:card\" content=\"summary_large_image\" \/>\n<meta name=\"twitter:label1\" content=\"Odhadovan\u00e1 doba \u010dten\u00ed\" \/>\n\t<meta name=\"twitter:data1\" content=\"13 minut\" \/>\n<script type=\"application\/ld+json\" class=\"yoast-schema-graph\">{\"@context\":\"https:\\\/\\\/schema.org\",\"@graph\":[{\"@type\":\"WebPage\",\"@id\":\"https:\\\/\\\/scarybird.com\\\/cs\\\/pravni-informace-a-ochrana-soukromi\\\/\",\"url\":\"https:\\\/\\\/scarybird.com\\\/cs\\\/pravni-informace-a-ochrana-soukromi\\\/\",\"name\":\"Pr\u00e1vn\u00ed informace a ochrana soukrom\u00ed - Scarybird\",\"isPartOf\":{\"@id\":\"https:\\\/\\\/scarybird.com\\\/cs\\\/#website\"},\"datePublished\":\"2020-04-27T08:52:06+00:00\",\"dateModified\":\"2020-04-27T08:52:07+00:00\",\"breadcrumb\":{\"@id\":\"https:\\\/\\\/scarybird.com\\\/cs\\\/pravni-informace-a-ochrana-soukromi\\\/#breadcrumb\"},\"inLanguage\":\"cs\",\"potentialAction\":[{\"@type\":\"ReadAction\",\"target\":[\"https:\\\/\\\/scarybird.com\\\/cs\\\/pravni-informace-a-ochrana-soukromi\\\/\"]}]},{\"@type\":\"BreadcrumbList\",\"@id\":\"https:\\\/\\\/scarybird.com\\\/cs\\\/pravni-informace-a-ochrana-soukromi\\\/#breadcrumb\",\"itemListElement\":[{\"@type\":\"ListItem\",\"position\":1,\"name\":\"Accueil\",\"item\":\"https:\\\/\\\/scarybird.com\\\/cs\\\/\"},{\"@type\":\"ListItem\",\"position\":2,\"name\":\"Pr\u00e1vn\u00ed informace a ochrana soukrom\u00ed\"}]},{\"@type\":\"WebSite\",\"@id\":\"https:\\\/\\\/scarybird.com\\\/cs\\\/#website\",\"url\":\"https:\\\/\\\/scarybird.com\\\/cs\\\/\",\"name\":\"Scarybird\",\"description\":\"La sentinelle de vos plantations\",\"potentialAction\":[{\"@type\":\"SearchAction\",\"target\":{\"@type\":\"EntryPoint\",\"urlTemplate\":\"https:\\\/\\\/scarybird.com\\\/cs\\\/?s={search_term_string}\"},\"query-input\":{\"@type\":\"PropertyValueSpecification\",\"valueRequired\":true,\"valueName\":\"search_term_string\"}}],\"inLanguage\":\"cs\"}]}<\/script>\n<!-- \/ Yoast SEO plugin. -->","yoast_head_json":{"title":"Pr\u00e1vn\u00ed informace a ochrana soukrom\u00ed - Scarybird","robots":{"index":"index","follow":"follow","max-snippet":"max-snippet:-1","max-image-preview":"max-image-preview:large","max-video-preview":"max-video-preview:-1"},"canonical":"https:\/\/scarybird.com\/cs\/pravni-informace-a-ochrana-soukromi\/","og_locale":"cs_CZ","og_type":"article","og_title":"Pr\u00e1vn\u00ed informace a ochrana soukrom\u00ed - Scarybird","og_url":"https:\/\/scarybird.com\/cs\/pravni-informace-a-ochrana-soukromi\/","og_site_name":"Scarybird","article_modified_time":"2020-04-27T08:52:07+00:00","twitter_card":"summary_large_image","twitter_misc":{"Odhadovan\u00e1 doba \u010dten\u00ed":"13 minut"},"schema":{"@context":"https:\/\/schema.org","@graph":[{"@type":"WebPage","@id":"https:\/\/scarybird.com\/cs\/pravni-informace-a-ochrana-soukromi\/","url":"https:\/\/scarybird.com\/cs\/pravni-informace-a-ochrana-soukromi\/","name":"Pr\u00e1vn\u00ed informace a ochrana soukrom\u00ed - Scarybird","isPartOf":{"@id":"https:\/\/scarybird.com\/cs\/#website"},"datePublished":"2020-04-27T08:52:06+00:00","dateModified":"2020-04-27T08:52:07+00:00","breadcrumb":{"@id":"https:\/\/scarybird.com\/cs\/pravni-informace-a-ochrana-soukromi\/#breadcrumb"},"inLanguage":"cs","potentialAction":[{"@type":"ReadAction","target":["https:\/\/scarybird.com\/cs\/pravni-informace-a-ochrana-soukromi\/"]}]},{"@type":"BreadcrumbList","@id":"https:\/\/scarybird.com\/cs\/pravni-informace-a-ochrana-soukromi\/#breadcrumb","itemListElement":[{"@type":"ListItem","position":1,"name":"Accueil","item":"https:\/\/scarybird.com\/cs\/"},{"@type":"ListItem","position":2,"name":"Pr\u00e1vn\u00ed informace a ochrana soukrom\u00ed"}]},{"@type":"WebSite","@id":"https:\/\/scarybird.com\/cs\/#website","url":"https:\/\/scarybird.com\/cs\/","name":"Scarybird","description":"La sentinelle de vos plantations","potentialAction":[{"@type":"SearchAction","target":{"@type":"EntryPoint","urlTemplate":"https:\/\/scarybird.com\/cs\/?s={search_term_string}"},"query-input":{"@type":"PropertyValueSpecification","valueRequired":true,"valueName":"search_term_string"}}],"inLanguage":"cs"}]}},"jetpack_sharing_enabled":true,"_links":{"self":[{"href":"https:\/\/scarybird.com\/cs\/wp-json\/wp\/v2\/pages\/5806","targetHints":{"allow":["GET"]}}],"collection":[{"href":"https:\/\/scarybird.com\/cs\/wp-json\/wp\/v2\/pages"}],"about":[{"href":"https:\/\/scarybird.com\/cs\/wp-json\/wp\/v2\/types\/page"}],"author":[{"embeddable":true,"href":"https:\/\/scarybird.com\/cs\/wp-json\/wp\/v2\/users\/1"}],"replies":[{"embeddable":true,"href":"https:\/\/scarybird.com\/cs\/wp-json\/wp\/v2\/comments?post=5806"}],"version-history":[{"count":0,"href":"https:\/\/scarybird.com\/cs\/wp-json\/wp\/v2\/pages\/5806\/revisions"}],"wp:attachment":[{"href":"https:\/\/scarybird.com\/cs\/wp-json\/wp\/v2\/media?parent=5806"}],"curies":[{"name":"wp","href":"https:\/\/api.w.org\/{rel}","templated":true}]}}